{"id":9,"date":"2023-03-04T17:25:49","date_gmt":"2023-03-04T17:25:49","guid":{"rendered":"https:\/\/www.cemil.yanofis.com.tr\/?page_id=9"},"modified":"2023-03-09T11:52:42","modified_gmt":"2023-03-09T11:52:42","slug":"one-page-express","status":"publish","type":"page","link":"https:\/\/www.cemil.yanofis.com.tr\/","title":{"rendered":"Front Page"},"content":{"rendered":"<div  id=\"about-1\" style=\"background-color: #f6f6f6;\" data-label=\"About\" data-id=\"about-big-images-section\" data-category=\"about\" class=\"about-big-images-section\"> <div  class=\"gridContainer\"> <div  class=\"about-big-images-textrow\"> <div  class=\"about-big-images-textcol dynamic-color\" data-type=\"column\"> <h5  class=\"\">Kay\u0131plardan sadece m\u00fcteahhitler mi sorumludur?<\/h5> <h3  class=\"\">Depremdeki kay\u0131plardan ben, sen, o&#8230; hepimiz sorumluyuz.<\/h3> <p  class=\"\">Kentimizden uzaktaki bir yerle\u015fim yerindeki depremi, s\u0131cac\u0131k evimizde televizyonlardan izlerken, sorumlular\u0131 hakk\u0131nda kahreder dururuz. Kah\u0131rlanma, bir sonraki depremdeki kay\u0131plar\u0131 \u00f6nlemeyene kadar ne kadar yeter? <\/p> <a class=\"button blue big\" href=\"https:\/\/www.cemil.yanofis.com.tr?p=60\" target=\"_self\" rel=\"noopener\">Depremdeki kay\u0131plardan neden sorumluyuz?<\/a> <\/div> <\/div> <\/div> <div  class=\"about-big-images-bottomrow\"> <div  class=\"about-big-images-leftimgcol\"><img  decoding=\"async\" class=\"about-big-images-leftimg\" src=\"https:\/\/www.cemil.yanofis.com.tr\/wp-content\/uploads\/2023\/03\/depremzede-ekmekli-e1678292824432.jpg\" alt=\"\"> <\/div> <div  class=\"about-big-images-centerimgcol\"><img  decoding=\"async\" class=\"about-big-images-centerimg\" src=\"https:\/\/www.cemil.yanofis.com.tr\/wp-content\/uploads\/2023\/03\/depremzede-baba-kizinin-elini-tutuyor.webp\" alt=\"\"> <\/div> <div  class=\"about-big-images-rightimgcol\"><img  decoding=\"async\" class=\"about-big-images-rightimg\" src=\"https:\/\/www.cemil.yanofis.com.tr\/wp-content\/uploads\/2023\/03\/depremzede-coken-bina.jpg\" alt=\"\"> <\/div> <\/div> <\/div><div  data-label=\"About\" data-id=\"about-images-right-section\" data-category=\"about\" class=\"about-images-right-section\" id=\"about-3\" style=\"background-color: rgb(246, 246, 246);\"> <div  class=\"gridContainer dynamic-color\"> <div  class=\"about-images-right-innerrow dynamic-color\"> <div  class=\"about-images-right-textcol\" data-type=\"column\"> <h5  class=\"\">\u015eimdi s\u00f6ylemeyeceksen, sonraki durak mezar\u2026<\/h5> <h2  class=\"about-images-right-bigtitle\">Alt\u0131n \u00e7amura da d\u00fc\u015fse temizlersin, o yine alt\u0131nd\u0131r. \u0130\u015fte o sensin.<\/h2> <p  class=\"\">B\u00f6yle s\u00f6ylemi\u015fti bir b\u00fcy\u00fc\u011f\u00fcm. S\u0131k\u0131nt\u0131l\u0131 g\u00f6rm\u00fc\u015ft\u00fc beni. Sebebini anlatt\u0131\u011f\u0131mda, bu laf\u0131 etmi\u015fti. Allah\u2019\u0131n izniyle ve onlar\u0131n deste\u011fiyle mezardan \u00f6nceki son dura\u011fa sa\u011fl\u0131kla geldim\u2026<\/p> <a class=\"button blue\" href=\"https:\/\/www.cemil.yanofis.com.tr?p=56\" target=\"_self\" rel=\"noopener\">\u0130nsanlar\u0131n gelece\u011fi ile o kadar rahat oynuyorlar ki\u2026<\/a> <\/div> <div  class=\"about-images-right-imgcol\"><img decoding=\"async\"  class=\"about-images-right-topimg\" src=\"https:\/\/www.cemil.yanofis.com.tr\/wp-content\/uploads\/2023\/03\/hazine-maliye-bakanligi-e1678294414649.jpg\" alt=\"\"><img decoding=\"async\"  class=\"about-images-right-rightimg\" src=\"https:\/\/www.cemil.yanofis.com.tr\/wp-content\/uploads\/2023\/03\/cok-calisma.jpg\" alt=\"\"><img decoding=\"async\"  class=\"about-images-right-leftimg\" src=\"https:\/\/www.cemil.yanofis.com.tr\/wp-content\/uploads\/2023\/03\/altin-camur-e1678294455489.webp\" alt=\"\"> <\/div> <\/div> <\/div><\/div><div  id=\"overlapable\" style=\"background-color: #ffffff;\" data-label=\"Overlapable\" data-id=\"stripped-coloured-icon-boxes\" data-category=\"overlapable\" class=\"features-coloured-icon-boxes-section\" data-overlap=\"true\"> <div  class=\"gridContainer\"> <div  class=\"features-coloured-icon-boxes-innerrow flexbox-list dark-text\" data-type=\"row\"> <div  class=\"features-coloured-icon-boxes-featurecol cp3cols\"> <div  class=\"features-coloured-icon-boxes-iconcontainer\" data-content-item-container=\"true\"> <i  data-cp-fa=\"true\" class=\"features-coloured-icon fa fa-turkish-lira\"><\/i> <\/div> <h4  class=\"\">1 bu\u00e7uk ayl\u0131k maa\u015f<\/h4> <p  class=\"\">2 May\u0131s 1988 tarihinde kamuda SSK\u2019l\u0131 olarak i\u015fe ba\u015flad\u0131m. 15 May\u0131s g\u00fcn\u00fc maa\u015f\u0131m\u0131 almaya gitti\u011fimde \u015fa\u015f\u0131rt\u0131c\u0131 bir durumla kar\u015f\u0131la\u015ft\u0131m.<\/p> <a class=\"features-coloured-button\" href=\"https:\/\/www.cemil.yanofis.com.tr?p=21\" target=\"_self\" rel=\"noopener\">Devam\u0131<\/a> <\/div> <div  class=\"features-coloured-icon-boxes-featurecol cp3cols\"> <div  class=\"features-coloured-icon-boxes-iconcontainer\" data-content-item-container=\"true\"> <i  data-cp-fa=\"true\" class=\"features-coloured-icon fa fa-turkish-lira\"><\/i> <\/div> <h4  class=\"\">Dejavu de\u011fil, ger\u00e7ek<\/h4> <p  class=\"\">5 May\u0131s 1988 tarihinde Genel M\u00fcd\u00fcrl\u00fc\u011fe tayinim \u00e7\u0131kt\u0131. 20 May\u0131s g\u00fcn\u00fc maa\u015f\u0131m\u0131 almaya gitti\u011fimde yine \u015fa\u015f\u0131rt\u0131c\u0131 bir durumla kar\u015f\u0131la\u015ft\u0131m.<\/p> <a class=\"features-coloured-button\" href=\"https:\/\/www.cemil.yanofis.com.tr?p=25\" target=\"_self\" rel=\"noopener\">Devam\u0131<\/a> <\/div> <div  class=\"features-coloured-icon-boxes-featurecol cp3cols\"> <div  class=\"features-coloured-icon-boxes-iconcontainer\" data-content-item-container=\"true\"> <i  data-cp-fa=\"true\" class=\"features-coloured-icon fa fa-bomb\"><\/i> <\/div> <h4  class=\"\">B\u00fcy\u00fck laf s\u00f6yleme\u2026<\/h4> <p  class=\"\">B\u00fcy\u00fck laf s\u00f6ylersiniz de, s\u00f6yledi\u011finiz \u015fey ba\u015f\u0131n\u0131za gelir ya\u2026&nbsp;Neyse ki benim ba\u015f\u0131ma gelen k\u00f6t\u00fc bir \u015fey de\u011fildi fakat deyimi do\u011frular niteylikteydi.&nbsp;<\/p> <a class=\"features-coloured-button\" href=\"https:\/\/www.cemil.yanofis.com.tr?p=27\" target=\"_self\" rel=\"noopener\">Devam\u0131<\/a> <\/div>  <\/div> <\/div><\/div><div  id=\"numbers\" data-label=\"Numbers\" data-id=\"numbers-section\" data-category=\"numbers\" data-bg=\"transparent\" class=\"numbers-section\" data-parallax-depth=\"20\"> <div  class=\"gridContainer dynamic-color\"> <div  class=\"numbers-itemcol\"> <h2  class=\"numbers-numbertext\">3<\/h2> <h3  class=\"numbers-titletext\">Excel ile ilgili kitap<\/h3> <\/div> <div  class=\"numbers-itemcol\"> <h2  class=\"numbers-numbertext\">40<\/h2> <h3  class=\"numbers-titletext\">Dergilerde makale<\/h3> <\/div> <div  class=\"numbers-itemcol-last\"> <h2  class=\"numbers-numbertext\">5<\/h2> <h3  class=\"numbers-titletext\">E\u011fitim<\/h3> <\/div> <\/div><\/div>","protected":false},"excerpt":{"rendered":"<p>Kay\u0131plardan sadece m\u00fcteahhitler mi sorumludur? Depremdeki kay\u0131plardan ben, sen, o&#8230; hepimiz sorumluyuz. Kentimizden uzaktaki bir yerle\u015fim yerindeki depremi, s\u0131cac\u0131k evimizde televizyonlardan izlerken, sorumlular\u0131 hakk\u0131nda kahreder dururuz. Kah\u0131rlanma, bir sonraki depremdeki kay\u0131plar\u0131 \u00f6nlemeyene kadar ne kadar yeter? Depremdeki kay\u0131plardan neden sorumluyuz? \u015eimdi s\u00f6ylemeyeceksen, sonraki durak mezar\u2026 Alt\u0131n \u00e7amura da d\u00fc\u015fse temizlersin, o yine alt\u0131nd\u0131r. \u0130\u015fte o&hellip; <br \/> <a class=\"button small blue\" href=\"https:\/\/www.cemil.yanofis.com.tr\/?p=36\">Devam\u0131<\/a><\/p>\n","protected":false},"author":1,"featured_media":0,"parent":0,"menu_order":0,"comment_status":"closed","ping_status":"closed","template":"","meta":{"footnotes":""},"class_list":["post-9","page","type-page","status-publish","hentry"],"_links":{"self":[{"href":"https:\/\/www.cemil.yanofis.com.tr\/index.php?rest_route=\/wp\/v2\/pages\/9","targetHints":{"allow":["GET"]}}],"collection":[{"href":"https:\/\/www.cemil.yanofis.com.tr\/index.php?rest_route=\/wp\/v2\/pages"}],"about":[{"href":"https:\/\/www.cemil.yanofis.com.tr\/index.php?rest_route=\/wp\/v2\/types\/page"}],"author":[{"embeddable":true,"href":"https:\/\/www.cemil.yanofis.com.tr\/index.php?rest_route=\/wp\/v2\/users\/1"}],"replies":[{"embeddable":true,"href":"https:\/\/www.cemil.yanofis.com.tr\/index.php?rest_route=%2Fwp%2Fv2%2Fcomments&post=9"}],"version-history":[{"count":24,"href":"https:\/\/www.cemil.yanofis.com.tr\/index.php?rest_route=\/wp\/v2\/pages\/9\/revisions"}],"predecessor-version":[{"id":94,"href":"https:\/\/www.cemil.yanofis.com.tr\/index.php?rest_route=\/wp\/v2\/pages\/9\/revisions\/94"}],"wp:attachment":[{"href":"https:\/\/www.cemil.yanofis.com.tr\/index.php?rest_route=%2Fwp%2Fv2%2Fmedia&parent=9"}],"curies":[{"name":"wp","href":"https:\/\/api.w.org\/{rel}","templated":true}]}}